{"id":74,"date":"2019-11-12T08:28:06","date_gmt":"2019-11-12T08:28:06","guid":{"rendered":"https:\/\/koopmans-roermond.nl\/?page_id=74"},"modified":"2019-11-13T09:31:57","modified_gmt":"2019-11-13T08:31:57","slug":"machinepark","status":"publish","type":"page","link":"https:\/\/koopmans-roermond.nl\/index.php\/machinepark\/","title":{"rendered":"Machinepark"},"content":{"rendered":"\n<p><strong>Verspaning.<\/strong><\/p>\n\n\n\n<p><\/p>\n\n\n\n<p>CNC Frezen MAS MCV 1000;  Bereik XYZ 1050 x 660 x 780 mm<\/p>\n\n\n\n<p>Conventioneel Frezen TOS FGS 32\/40; Bereik XYZ 1000 x 450 x 450 mm<\/p>\n\n\n\n<p>CNC Teach-Inn Draaibank Padovani Labor; Bereik \u00f8 550 x 2000 mm<\/p>\n\n\n\n<p>Conventionele Draaibank  Machtroy C11MT; Bereik \u00f8 400 x 1000 mm<\/p>\n\n\n\n<p>Conventionele Draaibank Stanko; 63; Bereik \u00f8 630 x 3000 mm<\/p>\n\n\n\n<p>Conventionele Draaibank TOS SU 100; Bereik \u00f8 1000 x 4000 mm<\/p>\n\n\n\n<p>Kotterbank Union BFT 80; Bereik XYZ 1000 x 1000 x 1600 mm<\/p>\n\n\n\n<p>Mobiel kotterapparaat ESPS WS2 Bereik \u00f8 40 x 2000 mm<\/p>\n\n\n\n<p>Spiebaantrekken conventioneel Max. 32 x 250 mm<\/p>\n\n\n\n<p>Kolomboormachines; Max. \u00f8 40 mm<\/p>\n\n\n\n<p>Radiaalboormachine; Max. \u00f8 50 x 1000 mm<\/p>\n\n\n\n<p><\/p>\n\n\n\n<p><strong>Metaalbewerking.<\/strong><\/p>\n\n\n\n<p><\/p>\n\n\n\n<p>Guillotineschaar Darley GS3013; 12 x 3000 mm<\/p>\n\n\n\n<p>Kantpers Colly 1056; 105 Ton &#8211; 3000 mm<\/p>\n\n\n\n<p>Wals Skoda; \u00f8 230 x 2000 <\/p>\n\n\n\n<p>Werkplaatspers 3 stuks;max. 25 Ton, max. 35 Ton, max. 125 Ton<\/p>\n\n\n\n<p>Handpers; max. 10 Ton, max. 30 Ton, max. 50 Ton<\/p>\n\n\n\n<p><\/p>\n\n\n\n<p><strong>Lassen.<\/strong><\/p>\n\n\n\n<p><\/p>\n\n\n\n<p>Elektrodelassen Max. 350 Amp<\/p>\n\n\n\n<p>Mig\/Mag lassen Max. 520 Amp<\/p>\n\n\n\n<p>Tig Lassen Max. 180 Amp<\/p>\n\n\n\n<p><\/p>\n\n\n\n<p><strong>Branden. <\/strong>Handbediend<\/p>\n\n\n\n<p><\/p>\n\n\n\n<p>Plasma Hypertherm; Max. 65 Amp<\/p>\n\n\n\n<p>Autogeen; Max. 100 mm<\/p>\n","protected":false},"excerpt":{"rendered":"<p>Verspaning. CNC Frezen MAS MCV 1000; Bereik XYZ 1050 x 660 x 780 mm Conventioneel Frezen TOS FGS 32\/40; Bereik XYZ 1000 x 450 x 450 mm CNC Teach-Inn Draaibank Padovani Labor; Bereik \u00f8 550 x 2000 mm Conventionele Draaibank Machtroy C11MT; Bereik \u00f8 400 x 1000 mm Conventionele Draaibank Stanko; 63; Bereik \u00f8 630 &hellip; <\/p>\n<p class=\"link-more\"><a href=\"https:\/\/koopmans-roermond.nl\/index.php\/machinepark\/\" class=\"more-link\">Lees verder <span class=\"screen-reader-text\">&#8220;Machinepark&#8221;<\/span><\/a><\/p>\n","protected":false},"author":1,"featured_media":54,"parent":0,"menu_order":0,"comment_status":"closed","ping_status":"closed","template":"","meta":{"footnotes":""},"_links":{"self":[{"href":"https:\/\/koopmans-roermond.nl\/index.php\/wp-json\/wp\/v2\/pages\/74"}],"collection":[{"href":"https:\/\/koopmans-roermond.nl\/index.php\/wp-json\/wp\/v2\/pages"}],"about":[{"href":"https:\/\/koopmans-roermond.nl\/index.php\/wp-json\/wp\/v2\/types\/page"}],"author":[{"embeddable":true,"href":"https:\/\/koopmans-roermond.nl\/index.php\/wp-json\/wp\/v2\/users\/1"}],"replies":[{"embeddable":true,"href":"https:\/\/koopmans-roermond.nl\/index.php\/wp-json\/wp\/v2\/comments?post=74"}],"version-history":[{"count":6,"href":"https:\/\/koopmans-roermond.nl\/index.php\/wp-json\/wp\/v2\/pages\/74\/revisions"}],"predecessor-version":[{"id":137,"href":"https:\/\/koopmans-roermond.nl\/index.php\/wp-json\/wp\/v2\/pages\/74\/revisions\/137"}],"wp:featuredmedia":[{"embeddable":true,"href":"https:\/\/koopmans-roermond.nl\/index.php\/wp-json\/wp\/v2\/media\/54"}],"wp:attachment":[{"href":"https:\/\/koopmans-roermond.nl\/index.php\/wp-json\/wp\/v2\/media?parent=74"}],"curies":[{"name":"wp","href":"https:\/\/api.w.org\/{rel}","templated":true}]}}